{"id":10331,"date":"2024-04-03T12:52:23","date_gmt":"2024-04-03T10:52:23","guid":{"rendered":"https:\/\/msdpaisajismo.com\/?page_id=10331"},"modified":"2024-04-03T12:53:15","modified_gmt":"2024-04-03T10:53:15","slug":"aviso-legal","status":"publish","type":"page","link":"https:\/\/msdpaisajismo.com\/de\/aviso-legal\/","title":{"rendered":"Rechtshinweis"},"content":{"rendered":"<div data-elementor-type=\"wp-page\" data-elementor-id=\"10331\" class=\"elementor elementor-10331\" data-elementor-post-type=\"page\">\n\t\t\t\t        <section class=\"elementor-section elementor-top-section elementor-element elementor-element-1303d62 elementor-section-boxed elementor-section-height-default elementor-section-height-default pxl-row-scroll-none pxl-show-grid-none pxl-section-bg-none pxl-section-grid-bg-false\" data-id=\"1303d62\" data-element_type=\"section\">\n\n                \n                <div class=\"elementor-container elementor-column-gap-default\">\n                <div class=\"elementor-column elementor-col-100 elementor-top-column elementor-element elementor-element-3544a87 pxl-column-none\" data-id=\"3544a87\" data-element_type=\"column\">\r\n        <div class=\"elementor-widget-wrap elementor-element-populated\">\r\n                     \r\n        \t\t<div class=\"elementor-element elementor-element-82b7794 elementor-widget elementor-widget-text-editor\" data-id=\"82b7794\" data-element_type=\"widget\" data-widget_type=\"text-editor.default\">\n\t\t\t\t<div class=\"elementor-widget-container\">\n\t\t\t\t\t\t\t\t\t<h1><span style=\"font-weight: 400\">Rechtshinweis<\/span><\/h1><p><span style=\"font-weight: 400\">En cumplimiento del art\u00edculo 10 de la Ley 34\/2002, de 11 de julio, de Servicios de la Sociedad de la Informaci\u00f3n y del Comercio Electr\u00f3nico (LSSICE), <\/span><span style=\"font-weight: 400\">Marion Stefanie Disenowski<\/span><span style=\"font-weight: 400\"> (en adelante, \u201cMSD Paisajismo\u201d), Responsable de esta web, pone a disposici\u00f3n de los Usuarios la presente informaci\u00f3n, para definir sus Condiciones de Uso.<\/span><\/p><p><span style=\"font-weight: 400\">Adicionalmente a los contenidos aqu\u00ed expuestos, los aspectos espec\u00edficos relacionados con la protecci\u00f3n de los datos personales y la privacidad de los usuarios de esta web se desarrollan en las p\u00e1ginas de Pol\u00edtica de Privacidad y Pol\u00edtica de Cookies.<\/span><\/p><p><b>Identidad del Responsable del Tratamiento<\/b><\/p><p><span style=\"font-weight: 400\">Denominaci\u00f3n Social: Marion Stefanie Disenowski<\/span><\/p><p><span style=\"font-weight: 400\">CIF: X3927181T<\/span><\/p><p><span style=\"font-weight: 400\">Domicilio Social: Calle Lesaca 3, bajo\u00a0<\/span><\/p><p><span style=\"font-weight: 400\">Pamplona 31015 Navarra<\/span><\/p><p><span style=\"font-weight: 400\">EMail: info@msdpaisajismo.com<\/span><\/p><p><span style=\"font-weight: 400\">Contacto: https:\/\/<\/span><span style=\"font-weight: 400\">msdpaisajismo.com\/contacto<\/span><\/p><p><span style=\"font-weight: 400\">Nombre de Dominio: https:\/\/<\/span><span style=\"font-weight: 400\">msdpaisajismo.com<\/span><\/p><p><b>Finalidad de la p\u00e1gina web<\/b><\/p><p><span style=\"font-weight: 400\">La web de MSD Paisajismo tiene la finalidad de informar a clientes y potenciales clientes de sus productos y\/o servicios, datos de contacto, ubicaci\u00f3n, etc. Adem\u00e1s, en su caso, tambi\u00e9n tendr\u00e1 la finalidad de divulgar informaci\u00f3n relacionada con el sector de actividad del Responsable.<\/span><\/p><p><b>Normativa<\/b><\/p><p><span style=\"font-weight: 400\">La actividad de esta web se encuentra sujeta al marco legal espa\u00f1ol y europeo, concretamente a las siguientes normas:<\/span><\/p><p><span style=\"font-weight: 400\">Reglamento General de Protecci\u00f3n de Datos (RGPD) (UE) 2016\/679, de 27 de abril, que regula el tratamiento de datos personales en los pa\u00edses de la Uni\u00f3n Europea.<\/span><\/p><p>\u00a0<\/p><p><span style=\"font-weight: 400\">Ley Org\u00e1nica 3\/2018, de 5 de diciembre, sobre Protecci\u00f3n de Datos Personales y Garant\u00eda de los Derechos Digitales (LOPD y GDD), norma de \u00e1mbito regional (aplicable a Espa\u00f1a), y que define y ampl\u00eda muchos de los conceptos y derechos presentes en el RGPD.<\/span><\/p><p>\u00a0<\/p><p><span style=\"font-weight: 400\">Ley 34\/2002, de 11 de julio, de Servicios de la Sociedad de la Informaci\u00f3n y del Comercio Electr\u00f3nico (LSSICE), norma que afecta a aquellas webs que, de alguna forma, realicen actividades econ\u00f3micas mediante medios electr\u00f3nicos, como es el caso de esta web.<\/span><\/p><p>\u00a0<\/p><p><b>Condiciones de uso y responsabilidades<\/b><\/p><p><span style=\"font-weight: 400\">Toda persona que acceda a este sitio web asume el papel de Usuario, comprometi\u00e9ndose a la observancia y cumplimiento riguroso de las condiciones aqu\u00ed dispuestas, as\u00ed como a cualesquiera otra disposici\u00f3n legal que fuera de aplicaci\u00f3n. \u201cMSD Paisajismo\u201d no se har\u00e1 responsable de los da\u00f1os y perjuicios, propios o a terceros, producidos por el uso inadecuado de este sitio web por parte del Usuario.<\/span><\/p><p><span style=\"font-weight: 400\">\u201cMSD Paisajismo\u201d proporciona el acceso a art\u00edculos, informaciones, servicios y datos de su propiedad o de terceros, elaborados con fines meramente informativos o divulgativos, que pueden no reflejar el estado actual de la legislaci\u00f3n o la jurisprudencia, y que se refieren a situaciones generales, por lo que su contenido no debe ser aplicado necesariamente por el Usuario a casos concretos. El contenido de esta web, por tanto, no puede ser considerado, en ning\u00fan caso, sustitutivo de asesoramiento legal.<\/span><\/p><p><span style=\"font-weight: 400\">\u201cMSD Paisajismo\u201d se reserva el derecho a modificar cualquier tipo de informaci\u00f3n que pudiera aparecer en la web, en cualquier momento y sin previo aviso, sin que exista obligaci\u00f3n de preavisar o poner en conocimiento de los Usuarios dichas obligaciones, entendi\u00e9ndose como suficiente la publicaci\u00f3n en el presente sitio web.<\/span><\/p><p><span style=\"font-weight: 400\">Este sitio web ha sido revisado y probado para que funcione correctamente de manera ininterrumpida. No obstante, \u201cMSD Paisajismo\u201d no descarta la posibilidad de que existan ciertos errores de programaci\u00f3n, falta de disponibilidad puntual (por ejemplo, ca\u00eddas del servidor, o mantenimiento del mismo) o que acontezcan causas de fuerza mayor, cat\u00e1strofes naturales, huelgas, o circunstancias semejantes que hagan imposible el acceso temporal a la p\u00e1gina web. De igual forma, \u201cMSD Paisajismo\u201d no\u00a0puede\u00a0garantizar el funcionamiento ininterrumpido o totalmente libre de errores de esta web, ni se responsabiliza de los virus que tengan su origen en una transmisi\u00f3n telem\u00e1tica infiltrados por terceros generados con la finalidad de obtener resultados negativos para un sistema inform\u00e1tico.<\/span><\/p><p><span style=\"font-weight: 400\">El Usuario se compromete a no utilizar esta web ni, si es el caso, los servicios o productos ofrecidos en la misma, para la realizaci\u00f3n de actividades contrarias a la ley, al orden p\u00fablico o a estas condiciones de uso. Por tanto, \u201cMSD Paisajismo\u201d no se hace responsable de la informaci\u00f3n y contenidos almacenados, a t\u00edtulo enunciativo pero no limitativo, en foros, chat, generadores de blogs, comentarios, redes sociales o cualesquiera otro medio que permita a terceros publicar contenidos. No obstante, y en cumplimiento de lo dispuesto en el art. 11 y 16 de la LSSI-CE, \u201cMSD Paisajismo\u201d se pone a disposici\u00f3n de todos los Usuarios, autoridades y fuerzas de seguridad, colaborando de forma activa en la retirada o en su caso bloqueo de todos aquellos contenidos que pudieran afectar o contravenir la legislaci\u00f3n nacional, o internacional, derechos de terceros, o la moral y el orden p\u00fablico. En caso de que un Usuario considere que existe en la web alg\u00fan contenido que pudiera ser susceptible de esta clasificaci\u00f3n, se ruega lo notifique de forma inmediata a nuestro personal.<\/span><\/p><p><span style=\"font-weight: 400\">\u201cMSD Paisajismo\u201d se reserva el derecho a denegar o retirar el acceso a la web sin necesidad de advertencia previa, a instancia propia o de un tercero, a aquellos Usuarios que incumplan nuestras Condiciones de Uso.<\/span><\/p><p><b>Propiedad intelectual<\/b><\/p><p><span style=\"font-weight: 400\">El sitio web, incluyendo a t\u00edtulo enunciativo pero no limitativo su programaci\u00f3n, edici\u00f3n, compilaci\u00f3n y dem\u00e1s elementos necesarios para su funcionamiento, los dise\u00f1os, logotipos, texto y\/o gr\u00e1ficos son propiedad de \u201cMSD Paisajismo\u201d o, en su caso, dispone de licencia o autorizaci\u00f3n expresa por parte de los autores.\u00a0<\/span><\/p><p><span style=\"font-weight: 400\">Todos los contenidos del sitio web se encuentran debidamente protegidos por la normativa de propiedad intelectual e industrial, as\u00ed como inscritos en los registros p\u00fablicos correspondientes, y no se permite la reproducci\u00f3n y\/o publicaci\u00f3n, total o parcial, del sitio web, ni su tratamiento inform\u00e1tico, su distribuci\u00f3n, difusi\u00f3n,\u00a0modificaci\u00f3n o transformaci\u00f3n, sin el permiso previo y por escrito del mismo. \u201cMSD Paisajismo\u201d velar\u00e1 por el cumplimiento de las anteriores condiciones, as\u00ed como por la debida utilizaci\u00f3n de los contenidos presentados en sus p\u00e1ginas web, ejercitando todas las acciones civiles y penales que le correspondan en el caso de infracci\u00f3n o incumplimiento de estos derechos por parte del Usuario.<\/span><\/p><p><span style=\"font-weight: 400\">Los dise\u00f1os, logotipos, texto y\/o gr\u00e1ficos ajenos a \u201cMSD Paisajismo\u201d y que pudieran aparecer en el sitio web, pertenecen a sus respectivos propietarios, siendo ellos mismos responsables de cualquier posible controversia que pudiera suscitarse respecto a los mismos. En todo caso, \u201cMSD Paisajismo\u201d cuenta con la autorizaci\u00f3n expresa y previa por parte de los mismos. \u201cMSD Paisajismo\u201d reconoce a favor de sus titulares los correspondientes derechos de propiedad industrial e intelectual, no implicando su sola menci\u00f3n o aparici\u00f3n en el sitio web la existencia de derechos o responsabilidad alguna del Responsable sobre los mismos, como tampoco respaldo, patrocinio o recomendaci\u00f3n por parte del mismo.<\/span><\/p><p><b>Enlaces a terceros<\/b><\/p><p><span style=\"font-weight: 400\">\u201cMSD Paisajismo\u201d puede poner a\u00a0disposici\u00f3n del\u00a0Usuario\u00a0enlaces u otros elementos que permiten el acceso hacia otros sitios web pertenecientes a terceros. No comercializamos los productos y\/o servicios de dichas p\u00e1ginas enlazadas, ni asumimos ning\u00fan tipo de responsabilidad sobre las mismas, ni sobre la informaci\u00f3n contenida en ellas, ni su veracidad o licitud,\u00a0ni de cualesquiera efectos que pudieran derivarse.<\/span><\/p><p><span style=\"font-weight: 400\">En todo caso, \u201cMSD Paisajismo\u201d manifiesta que proceder\u00e1 a la retirada inmediata de cualquier contenido que pudiera contravenir la legislaci\u00f3n nacional o internacional, la moral o el orden p\u00fablico, procediendo a la retirada inmediata de la redirecci\u00f3n a dicho sitio web, poniendo en conocimiento de las autoridades competentes el contenido en cuesti\u00f3n.<\/span><\/p><p><b>Ley aplicable y jurisdicci\u00f3n<\/b><\/p><p><span style=\"font-weight: 400\">La relaci\u00f3n entre Responsable y Usuario se rige en todos y cada uno de sus extremos por la ley espa\u00f1ola, a la que se someten expresamente ambas partes. El idioma de redacci\u00f3n e interpretaci\u00f3n de este aviso legal es el espa\u00f1ol. Para la resoluci\u00f3n de todas las controversias o cuestiones relacionadas con el presente sitio web o las actividades en \u00e9l desarrolladas, \u201cMSD Paisajismo\u201d y Usuario acuerdan someterse a los Juzgados y Tribunales del domicilio del Usuario.<\/span><\/p>\t\t\t\t\t\t\t\t<\/div>\n\t\t\t\t<\/div>\n\t\t            <\/div>\r\n        <\/div>\r\n        \t\t\t<\/div>\n\t\t<\/section>\n\t\t\t\t<\/div>","protected":false},"excerpt":{"rendered":"<p>Aviso Legal En cumplimiento del art\u00edculo 10 de la Ley 34\/2002, de 11 de julio, de Servicios de la Sociedad de la Informaci\u00f3n y del Comercio Electr\u00f3nico (LSSICE), Marion Stefanie Disenowski (en adelante, \u201cMSD Paisajismo\u201d), Responsable de esta web, pone a disposici\u00f3n de los Usuarios la presente informaci\u00f3n, para definir sus Condiciones de Uso. Adicionalmente [&hellip;]<\/p>","protected":false},"author":2,"featured_media":0,"parent":0,"menu_order":0,"comment_status":"closed","ping_status":"closed","template":"","meta":{"footnotes":""},"class_list":["post-10331","page","type-page","status-publish","hentry"],"yoast_head":"<!-- This site is optimized with the Yoast SEO plugin v26.4 - https:\/\/yoast.com\/wordpress\/plugins\/seo\/ -->\n<title>Aviso Legal - MSD Paisajismo<\/title>\n<meta name=\"robots\" content=\"index, follow, max-snippet:-1, max-image-preview:large, max-video-preview:-1\" \/>\n<link rel=\"canonical\" href=\"https:\/\/msdpaisajismo.com\/de\/aviso-legal\/\" \/>\n<meta property=\"og:locale\" content=\"de_DE\" \/>\n<meta property=\"og:type\" content=\"article\" \/>\n<meta property=\"og:title\" content=\"Aviso Legal - MSD Paisajismo\" \/>\n<meta property=\"og:description\" content=\"Aviso Legal En cumplimiento del art\u00edculo 10 de la Ley 34\/2002, de 11 de julio, de Servicios de la Sociedad de la Informaci\u00f3n y del Comercio Electr\u00f3nico (LSSICE), Marion Stefanie Disenowski (en adelante, \u201cMSD Paisajismo\u201d), Responsable de esta web, pone a disposici\u00f3n de los Usuarios la presente informaci\u00f3n, para definir sus Condiciones de Uso. Adicionalmente [&hellip;]\" \/>\n<meta property=\"og:url\" content=\"https:\/\/msdpaisajismo.com\/de\/aviso-legal\/\" \/>\n<meta property=\"og:site_name\" content=\"MSD Paisajismo\" \/>\n<meta property=\"article:modified_time\" content=\"2024-04-03T10:53:15+00:00\" \/>\n<meta name=\"twitter:card\" content=\"summary_large_image\" \/>\n<meta name=\"twitter:label1\" content=\"Gesch\u00e4tzte Lesezeit\" \/>\n\t<meta name=\"twitter:data1\" content=\"7\u00a0Minuten\" \/>\n<script type=\"application\/ld+json\" class=\"yoast-schema-graph\">{\"@context\":\"https:\/\/schema.org\",\"@graph\":[{\"@type\":\"WebPage\",\"@id\":\"https:\/\/msdpaisajismo.com\/aviso-legal\/\",\"url\":\"https:\/\/msdpaisajismo.com\/aviso-legal\/\",\"name\":\"Aviso Legal - MSD Paisajismo\",\"isPartOf\":{\"@id\":\"https:\/\/msdpaisajismo.com\/#website\"},\"datePublished\":\"2024-04-03T10:52:23+00:00\",\"dateModified\":\"2024-04-03T10:53:15+00:00\",\"breadcrumb\":{\"@id\":\"https:\/\/msdpaisajismo.com\/aviso-legal\/#breadcrumb\"},\"inLanguage\":\"de\",\"potentialAction\":[{\"@type\":\"ReadAction\",\"target\":[\"https:\/\/msdpaisajismo.com\/aviso-legal\/\"]}]},{\"@type\":\"BreadcrumbList\",\"@id\":\"https:\/\/msdpaisajismo.com\/aviso-legal\/#breadcrumb\",\"itemListElement\":[{\"@type\":\"ListItem\",\"position\":1,\"name\":\"Portada\",\"item\":\"https:\/\/msdpaisajismo.com\/\"},{\"@type\":\"ListItem\",\"position\":2,\"name\":\"Aviso Legal\"}]},{\"@type\":\"WebSite\",\"@id\":\"https:\/\/msdpaisajismo.com\/#website\",\"url\":\"https:\/\/msdpaisajismo.com\/\",\"name\":\"MSD Paisajismo\",\"description\":\"\",\"potentialAction\":[{\"@type\":\"SearchAction\",\"target\":{\"@type\":\"EntryPoint\",\"urlTemplate\":\"https:\/\/msdpaisajismo.com\/?s={search_term_string}\"},\"query-input\":{\"@type\":\"PropertyValueSpecification\",\"valueRequired\":true,\"valueName\":\"search_term_string\"}}],\"inLanguage\":\"de\"}]}<\/script>\n<!-- \/ Yoast SEO plugin. -->","yoast_head_json":{"title":"Aviso Legal - MSD Paisajismo","robots":{"index":"index","follow":"follow","max-snippet":"max-snippet:-1","max-image-preview":"max-image-preview:large","max-video-preview":"max-video-preview:-1"},"canonical":"https:\/\/msdpaisajismo.com\/de\/aviso-legal\/","og_locale":"de_DE","og_type":"article","og_title":"Aviso Legal - MSD Paisajismo","og_description":"Aviso Legal En cumplimiento del art\u00edculo 10 de la Ley 34\/2002, de 11 de julio, de Servicios de la Sociedad de la Informaci\u00f3n y del Comercio Electr\u00f3nico (LSSICE), Marion Stefanie Disenowski (en adelante, \u201cMSD Paisajismo\u201d), Responsable de esta web, pone a disposici\u00f3n de los Usuarios la presente informaci\u00f3n, para definir sus Condiciones de Uso. Adicionalmente [&hellip;]","og_url":"https:\/\/msdpaisajismo.com\/de\/aviso-legal\/","og_site_name":"MSD Paisajismo","article_modified_time":"2024-04-03T10:53:15+00:00","twitter_card":"summary_large_image","twitter_misc":{"Gesch\u00e4tzte Lesezeit":"7\u00a0Minuten"},"schema":{"@context":"https:\/\/schema.org","@graph":[{"@type":"WebPage","@id":"https:\/\/msdpaisajismo.com\/aviso-legal\/","url":"https:\/\/msdpaisajismo.com\/aviso-legal\/","name":"Aviso Legal - MSD Paisajismo","isPartOf":{"@id":"https:\/\/msdpaisajismo.com\/#website"},"datePublished":"2024-04-03T10:52:23+00:00","dateModified":"2024-04-03T10:53:15+00:00","breadcrumb":{"@id":"https:\/\/msdpaisajismo.com\/aviso-legal\/#breadcrumb"},"inLanguage":"de","potentialAction":[{"@type":"ReadAction","target":["https:\/\/msdpaisajismo.com\/aviso-legal\/"]}]},{"@type":"BreadcrumbList","@id":"https:\/\/msdpaisajismo.com\/aviso-legal\/#breadcrumb","itemListElement":[{"@type":"ListItem","position":1,"name":"Portada","item":"https:\/\/msdpaisajismo.com\/"},{"@type":"ListItem","position":2,"name":"Aviso Legal"}]},{"@type":"WebSite","@id":"https:\/\/msdpaisajismo.com\/#website","url":"https:\/\/msdpaisajismo.com\/","name":"MSD Paisajismo","description":"","potentialAction":[{"@type":"SearchAction","target":{"@type":"EntryPoint","urlTemplate":"https:\/\/msdpaisajismo.com\/?s={search_term_string}"},"query-input":{"@type":"PropertyValueSpecification","valueRequired":true,"valueName":"search_term_string"}}],"inLanguage":"de"}]}},"_links":{"self":[{"href":"https:\/\/msdpaisajismo.com\/de\/wp-json\/wp\/v2\/pages\/10331","targetHints":{"allow":["GET"]}}],"collection":[{"href":"https:\/\/msdpaisajismo.com\/de\/wp-json\/wp\/v2\/pages"}],"about":[{"href":"https:\/\/msdpaisajismo.com\/de\/wp-json\/wp\/v2\/types\/page"}],"author":[{"embeddable":true,"href":"https:\/\/msdpaisajismo.com\/de\/wp-json\/wp\/v2\/users\/2"}],"replies":[{"embeddable":true,"href":"https:\/\/msdpaisajismo.com\/de\/wp-json\/wp\/v2\/comments?post=10331"}],"version-history":[{"count":4,"href":"https:\/\/msdpaisajismo.com\/de\/wp-json\/wp\/v2\/pages\/10331\/revisions"}],"predecessor-version":[{"id":10335,"href":"https:\/\/msdpaisajismo.com\/de\/wp-json\/wp\/v2\/pages\/10331\/revisions\/10335"}],"wp:attachment":[{"href":"https:\/\/msdpaisajismo.com\/de\/wp-json\/wp\/v2\/media?parent=10331"}],"curies":[{"name":"wp","href":"https:\/\/api.w.org\/{rel}","templated":true}]}}