{"id":10336,"date":"2024-04-03T12:55:08","date_gmt":"2024-04-03T10:55:08","guid":{"rendered":"https:\/\/msdpaisajismo.com\/?page_id=10336"},"modified":"2024-04-03T12:56:09","modified_gmt":"2024-04-03T10:56:09","slug":"politica-de-privacidad","status":"publish","type":"page","link":"https:\/\/msdpaisajismo.com\/de\/politica-de-privacidad\/","title":{"rendered":"Datenschutzbestimmungen"},"content":{"rendered":"<div data-elementor-type=\"wp-page\" data-elementor-id=\"10336\" class=\"elementor elementor-10336\" data-elementor-post-type=\"page\">\n\t\t\t\t        <section class=\"elementor-section elementor-top-section elementor-element elementor-element-1303d62 elementor-section-boxed elementor-section-height-default elementor-section-height-default pxl-row-scroll-none pxl-show-grid-none pxl-section-bg-none pxl-section-grid-bg-false\" data-id=\"1303d62\" data-element_type=\"section\">\n\n                \n                <div class=\"elementor-container elementor-column-gap-default\">\n                <div class=\"elementor-column elementor-col-100 elementor-top-column elementor-element elementor-element-3544a87 pxl-column-none\" data-id=\"3544a87\" data-element_type=\"column\">\r\n        <div class=\"elementor-widget-wrap elementor-element-populated\">\r\n                     \r\n        \t\t<div class=\"elementor-element elementor-element-82b7794 elementor-widget elementor-widget-text-editor\" data-id=\"82b7794\" data-element_type=\"widget\" data-widget_type=\"text-editor.default\">\n\t\t\t\t<div class=\"elementor-widget-container\">\n\t\t\t\t\t\t\t\t\t<h2><span style=\"font-weight: 400\">Datenschutzbedingungen<\/span><\/h2><p><span style=\"font-weight: 400\">\u00abMSD Paisajismo\u00bb se encuentra profundamente comprometido con el cumplimiento de la normativa espa\u00f1ola y europea de protecci\u00f3n de datos de car\u00e1cter personal, y garantiza el cumplimiento \u00edntegro de las obligaciones dispuestas, as\u00ed como la implementaci\u00f3n de las medidas de seguridad dispuestas en el Reglamento General de Protecci\u00f3n de Datos (RGPD) (UE) 2016\/679, de 27 de abril, y en la Ley Org\u00e1nica 3\/2018, de 5 de diciembre, de Protecci\u00f3n de Datos Personales y garant\u00eda de los derechos digitales (LOPD y GDD, en adelante LOPD).<\/span><\/p><p><span style=\"font-weight: 400\">De conformidad con estas normativas, informamos que la utilizaci\u00f3n de nuestra web puede requerir que se faciliten ciertos datos personales a trav\u00e9s de formularios de contacto, o mediante el env\u00edo de emails, y que \u00e9stos ser\u00e1n objeto de tratamiento por \u00abMSD Paisajismo\u00bb, Responsable del tratamiento, cuyos datos se reflejan en el aviso legal.<\/span><\/p><p><b>Obtenci\u00f3n y tratamiento de datos personales<\/b><\/p><p><span style=\"font-weight: 400\">Un dato personal es cualquier informaci\u00f3n relativa a una persona: nombre, email, domicilio, tel\u00e9fono, NIF\/NIE&#8230; Adicionalmente, cuando un Usuario visita nuestro sitio web, determinada informaci\u00f3n se almacena autom\u00e1ticamente por motivos t\u00e9cnicos, como la direcci\u00f3n IP asignada por su proveedor de acceso a Internet.<\/span><\/p><p><span style=\"font-weight: 400\">\u00abMSD Paisajismo\u00bb, como Responsable del Tratamiento, tiene el deber de informar a los Usuarios de su sitio web acerca de la recogida de datos de car\u00e1cter personal que pueden llevarse a cabo, bien sea mediante el env\u00edo de correo electr\u00f3nico o al cumplimentar los formularios incluidos en el sitio web.<\/span><\/p><p><span style=\"font-weight: 400\">Se obtendr\u00e1n \u00fanicamente los datos precisos para poder realizar el servicio contratado, o para poder responder adecuadamente a la petici\u00f3n de informaci\u00f3n realizada por el Usuario. Los datos recabados son identificativos y corresponden a un m\u00ednimo razonable para poder llevar a t\u00e9rmino la actividad realizada. En particular, no se recogen datos especialmente protegidos en ning\u00fan momento. En ning\u00fan caso se realizar\u00e1 un uso diferente de los datos, que la finalidad para los que han sido recabados.<\/span><\/p><p><span style=\"font-weight: 400\">Formularios de contacto\/email\u00a0<\/span><\/p><p><i><span style=\"font-weight: 400\">Finalidad<\/span><\/i><span style=\"font-weight: 400\">: Dar contestaci\u00f3n a su solicitud de informaci\u00f3n realizada a trav\u00e9s de nuestro\/s formulario\/s de contacto.<\/span><\/p><p><i><span style=\"font-weight: 400\">Legitimaci\u00f3n<\/span><\/i><span style=\"font-weight: 400\">: La base jur\u00eddica que legitima este tratamiento es el consentimiento del Usuario, que podr\u00e1 revocar en cualquier momento.<\/span><\/p><p><i><span style=\"font-weight: 400\">Cesi\u00f3n de datos<\/span><\/i><span style=\"font-weight: 400\">: Los datos personales ser\u00e1n tratados a trav\u00e9s de servidores gestionados por <\/span><span style=\"font-weight: 400\">Site Ground <\/span><span style=\"font-weight: 400\">que tendr\u00e1 la consideraci\u00f3n de Encargado del Tratamiento.<\/span><\/p><p><b>Menores de edad<\/b><\/p><p><span style=\"font-weight: 400\">Solo podr\u00e1n aportar datos personales en este sitio web las personas mayores de 14 a\u00f1os. Seg\u00fan obliga la LOPD y GDD, en caso de menores de 14 a\u00f1os, ser\u00e1 condici\u00f3n obligatoria el consentimiento de sus padres o tutores para que podamos tratar sus datos personales.<\/span><\/p><p><span style=\"font-weight: 400\">Por otra parte, solo podr\u00e1n contratar nuestros servicios las personas mayores de 18 a\u00f1os. En caso de menores de 18 a\u00f1os, ser\u00e1 condici\u00f3n obligatoria el consentimiento de sus padres o tutores legales para que podamos prestar los servicios ofertados, salvo que el menor est\u00e9 emancipado.<\/span><\/p><p><b>Medidas de seguridad<\/b><\/p><p><span style=\"font-weight: 400\">Se informa a los Usuarios de la web de \u00abMSD Paisajismo\u00bb de que se\u00a0han adoptado las medidas de seguridad, t\u00e9cnicas y organizativas a nuestro alcance para evitar la p\u00e9rdida, mal uso, alteraci\u00f3n, acceso no autorizado y robo de los datos, y que garantizan as\u00ed la confidencialidad, integridad y calidad de la informaci\u00f3n contenida en las mismas, de acuerdo con lo establecido en la normativa vigente en materia de protecci\u00f3n de datos. Los datos personales que se recogen en los formularios son objeto de tratamiento, \u00fanicamente,\u00a0por parte del personal de \u00abMSD Paisajismo\u00bb o de los Encargados del Tratamiento designados.<\/span><\/p><p><span style=\"font-weight: 400\">El Sitio Web de \u00abMSD Paisajismo\u00bb cuenta adem\u00e1s con un cifrado SSL, que permite al Usuario el env\u00edo seguro de sus datos personales a trav\u00e9s de los formularios de contacto del sitio web.<\/span><\/p><p><b>Veracidad de los datos<\/b><\/p><p><span style=\"font-weight: 400\">El Usuario manifiesta que todos los datos facilitados por \u00e9l son ciertos y correctos y se compromete a mantenerlos actualizados. El Usuario responder\u00e1 de la veracidad de sus datos y ser\u00e1 el \u00fanico responsable de cuantos conflictos o litigios pudieran resultar por la falsedad de los mismos. Es importante que, para que podamos mantener los datos personales actualizados, el Usuario informe a \u00abMSD Paisajismo\u00bb siempre que haya habido alguna modificaci\u00f3n en los mismos.<\/span><\/p><p><b>Cesi\u00f3n de datos<\/b><\/p><p><span style=\"font-weight: 400\">\u00abMSD Paisajismo\u00bb no ceder\u00e1 ni comunicar\u00e1 a ning\u00fan tercero tus datos, excepto en los casos legalmente previstos o cuando la prestaci\u00f3n de un servicio implique la necesidad de una relaci\u00f3n contractual con un Encargado de Tratamiento. As\u00ed, el Usuario acepta que algunos de los datos personales recabados sean facilitados a estos Encargados del Tratamiento (plataformas de pago, gestor\u00eda, intermediarios, etc.), cuando sea necesario para la efectiva realizaci\u00f3n de un servicio contratado o producto adquirido. El Usuario acepta tambi\u00e9n que, en caso de prestaci\u00f3n de servicios, \u00e9stos puedan ser, total o parcialmente, subcontratados a otras personas o empresas, que tendr\u00e1n la consideraci\u00f3n de Encargados del Tratamiento, con los que se ha convenido el correspondiente contrato de confidencialidad, o adherido a sus pol\u00edticas de privacidad, establecidas en sus respectivas p\u00e1ginas web. El Usuario podr\u00e1 negarse a la cesi\u00f3n de sus datos a los Encargados del Tratamiento, mediante petici\u00f3n escrita, por cualquiera de los medios anteriormente referenciados.<\/span><\/p><p><span style=\"font-weight: 400\">Adem\u00e1s, en aquellos casos en que sea necesario, los datos de Clientes podr\u00e1n ser cedidos a determinados organismos, en cumplimiento de una obligaci\u00f3n legal: Agencia Tributaria Espa\u00f1ola, entidades bancarias, Inspecci\u00f3n de Trabajo, etc.<\/span><\/p><p><b>Ejercicio de derechos del usuario<\/b><\/p><p><span style=\"font-weight: 400\">La LOPD y el RGPD conceden a los interesados la posibilidad de ejercer una serie de derechos relacionados con el tratamiento de sus datos personales. Para ello, el Usuario deber\u00e1 dirigirse, aportando documentaci\u00f3n que acredite su identidad (DNI o pasaporte), mediante correo electr\u00f3nico a info@msdpaisajismo.com, o bien mediante comunicaci\u00f3n escrita a la direcci\u00f3n que aparece en nuestro Aviso Legal. Dicha comunicaci\u00f3n deber\u00e1 reflejar la siguiente informaci\u00f3n: nombre y apellidos del Usuario, el objeto de la solicitud, el domicilio y los datos acreditativos.\u00a0<\/span><\/p><p><span style=\"font-weight: 400\">El ejercicio de derechos deber\u00e1 ser realizado por el propio Usuario. No obstante, podr\u00e1n ser ejecutados por una persona autorizada como representante legal del Usuario, aport\u00e1ndose la documentaci\u00f3n que acredite dicha representaci\u00f3n.<\/span><\/p><p><span style=\"font-weight: 400\">El Usuario podr\u00e1 solicitar el ejercicio de los derechos siguientes:<\/span><\/p><p><span style=\"font-weight: 400\">Derecho a solicitar el acceso a los datos personales.<\/span><\/p><p><span style=\"font-weight: 400\">Derecho a solicitar su rectificaci\u00f3n (en caso de que sean incorrectos) o supresi\u00f3n.<\/span><\/p><p><span style=\"font-weight: 400\">Derecho a solicitar la limitaci\u00f3n de su tratamiento, en cuyo caso \u00fanicamente ser\u00e1n conservados por \u00abMSD Paisajismo\u00bb para el ejercicio o la defensa de reclamaciones.<\/span><\/p><p><span style=\"font-weight: 400\">Derecho a oponerse al tratamiento: \u00abMSD Paisajismo\u00bb dejar\u00e1 de tratar sus datos, salvo que por motivos leg\u00edtimos o el ejercicio o la defensa de posibles reclamaciones se tengan que seguir tratando.<\/span><\/p><p><span style=\"font-weight: 400\">Derecho a la portabilidad de los datos: en caso de que quiera que sus datos sean tratados por otra empresa, \u00abMSD Paisajismo\u00bb le facilitar\u00e1 la portabilidad de sus datos en formato exportable.<\/span><\/p><p><span style=\"font-weight: 400\">En el caso de que se haya otorgado el consentimiento para alguna finalidad espec\u00edfica, <\/span><b>el Usuario tiene derecho a retirar el consentimiento en cualquier momento<\/b><span style=\"font-weight: 400\">, sin que ello afecte a la licitud del tratamiento basado en el consentimiento previo a su retirada. Nos comprometemos a ejecutar todos estos derechos dentro del plazo legal m\u00e1ximo (1 mes).<\/span><\/p><p><span style=\"font-weight: 400\">Si un Usuario considera que hay un problema con la forma en que \u00abMSD Paisajismo\u00bb est\u00e1 manejando sus datos, puede dirigir sus reclamaciones al Responsable de Seguridad o a la autoridad de protecci\u00f3n de datos que corresponda, siendo la Agencia Espa\u00f1ola de Protecci\u00f3n de Datos la indicada en el caso de Espa\u00f1a.<\/span><\/p><p><b>Conservaci\u00f3n de los datos<\/b><\/p><p><span style=\"font-weight: 400\">Los datos de car\u00e1cter personal de los Usuarios que usen el formulario de contacto o que nos env\u00eden un email solicitando informaci\u00f3n ser\u00e1n tratados durante el tiempo estrictamente necesario para atender a la solicitud de informaci\u00f3n, o hasta que se revoque el consentimiento otorgado.\u00a0<\/span><\/p><p><span style=\"font-weight: 400\">Los datos de car\u00e1cter personal de los Clientes ser\u00e1n tratados hasta que finalice la relaci\u00f3n contractual. El per\u00edodo de conservaci\u00f3n de los datos personales ser\u00e1 el m\u00ednimo necesario, pudiendo mantenerse hasta:<\/span><\/p><p><span style=\"font-weight: 400\">4 a\u00f1os: Ley sobre Infracciones y Sanciones en el Orden Social (obligaciones en materia de afiliaci\u00f3n, altas, bajas, cotizaci\u00f3n, pago de salarios\u2026); Arts. 66 y sig. Ley General Tributaria (libros de contabilidad\u2026)<\/span><\/p><p><span style=\"font-weight: 400\">5 a\u00f1os: Art. 1964 C\u00f3digo Civil (acciones personales sin plazo especial)<\/span><\/p><p><span style=\"font-weight: 400\">6 a\u00f1os: Art. 30 C\u00f3digo de Comercio (libros de contabilidad, facturas\u2026)<\/span><\/p><p><span style=\"font-weight: 400\">10 a\u00f1os: Art. 25 Ley de Prevenci\u00f3n del Blanqueo de Capitales y Financiaci\u00f3n del Terrorismo.<\/span><\/p><p><span style=\"font-weight: 400\">Sin plazo: datos desagregados y anonimizados.<\/span><\/p><p><b>Redes sociales<\/b><\/p><p><span style=\"font-weight: 400\">\u00abMSD Paisajismo\u00bb cuenta con perfil en algunas de las principales redes sociales de Internet (Facebook, YouTube), reconoci\u00e9ndose en todos los casos Responsable del tratamiento de los datos de sus seguidores, fans, suscriptores, comentaristas y otros perfiles de Usuarios (en adelante, seguidores) publicados por \u00abMSD Paisajismo\u00bb.<\/span><\/p><p><span style=\"font-weight: 400\">La finalidad del tratamiento de datos por parte de \u00abMSD Paisajismo\u00bb, cuando la ley no lo proh\u00edba, ser\u00e1 la de informar a sus seguidores sobre sus actividades y ofertas, por cualquier v\u00eda que la red social permita, as\u00ed como prestar servicio personalizado de atenci\u00f3n al cliente. La base jur\u00eddica que legitima este tratamiento ser\u00e1 el consentimiento del interesado, que podr\u00e1 revocar en cualquier momento.<\/span><\/p><p><span style=\"font-weight: 400\">En ning\u00fan caso \u00abMSD Paisajismo\u00bb extraer\u00e1 datos de las redes sociales, a menos que se obtuviera puntual y expresamente el consentimiento del Usuario para ello (por ejemplo, para la realizaci\u00f3n de un concurso).<\/span><\/p><p><b>Confidencialidad<\/b><\/p><p><span style=\"font-weight: 400\">La informaci\u00f3n suministrada por el cliente tendr\u00e1 en todo caso la consideraci\u00f3n de confidencial sin que pueda ser utilizada para otros fines distintos a los aqu\u00ed descritos. \u00abMSD Paisajismo\u00bb se obliga a no divulgar ni revelar informaci\u00f3n sobre las pretensiones del Usuario los motivos del asesoramiento solicitado o la duraci\u00f3n con \u00e9ste.<\/span><\/p>\t\t\t\t\t\t\t\t<\/div>\n\t\t\t\t<\/div>\n\t\t            <\/div>\r\n        <\/div>\r\n        \t\t\t<\/div>\n\t\t<\/section>\n\t\t\t\t<\/div>","protected":false},"excerpt":{"rendered":"<p>Pol\u00edtica de privacidad \u00abMSD Paisajismo\u00bb se encuentra profundamente comprometido con el cumplimiento de la normativa espa\u00f1ola y europea de protecci\u00f3n de datos de car\u00e1cter personal, y garantiza el cumplimiento \u00edntegro de las obligaciones dispuestas, as\u00ed como la implementaci\u00f3n de las medidas de seguridad dispuestas en el Reglamento General de Protecci\u00f3n de Datos (RGPD) (UE) 2016\/679, [&hellip;]<\/p>","protected":false},"author":2,"featured_media":0,"parent":0,"menu_order":0,"comment_status":"closed","ping_status":"closed","template":"","meta":{"footnotes":""},"class_list":["post-10336","page","type-page","status-publish","hentry"],"yoast_head":"<!-- This site is optimized with the Yoast SEO plugin v26.4 - https:\/\/yoast.com\/wordpress\/plugins\/seo\/ -->\n<title>Pol\u00edtica de Privacidad - MSD Paisajismo<\/title>\n<meta name=\"robots\" content=\"index, follow, max-snippet:-1, max-image-preview:large, max-video-preview:-1\" \/>\n<link rel=\"canonical\" href=\"https:\/\/msdpaisajismo.com\/de\/politica-de-privacidad\/\" \/>\n<meta property=\"og:locale\" content=\"de_DE\" \/>\n<meta property=\"og:type\" content=\"article\" \/>\n<meta property=\"og:title\" content=\"Pol\u00edtica de Privacidad - MSD Paisajismo\" \/>\n<meta property=\"og:description\" content=\"Pol\u00edtica de privacidad \u00abMSD Paisajismo\u00bb se encuentra profundamente comprometido con el cumplimiento de la normativa espa\u00f1ola y europea de protecci\u00f3n de datos de car\u00e1cter personal, y garantiza el cumplimiento \u00edntegro de las obligaciones dispuestas, as\u00ed como la implementaci\u00f3n de las medidas de seguridad dispuestas en el Reglamento General de Protecci\u00f3n de Datos (RGPD) (UE) 2016\/679, [&hellip;]\" \/>\n<meta property=\"og:url\" content=\"https:\/\/msdpaisajismo.com\/de\/politica-de-privacidad\/\" \/>\n<meta property=\"og:site_name\" content=\"MSD Paisajismo\" \/>\n<meta property=\"article:modified_time\" content=\"2024-04-03T10:56:09+00:00\" \/>\n<meta name=\"twitter:card\" content=\"summary_large_image\" \/>\n<meta name=\"twitter:label1\" content=\"Gesch\u00e4tzte Lesezeit\" \/>\n\t<meta name=\"twitter:data1\" content=\"8\u00a0Minuten\" \/>\n<script type=\"application\/ld+json\" class=\"yoast-schema-graph\">{\"@context\":\"https:\/\/schema.org\",\"@graph\":[{\"@type\":\"WebPage\",\"@id\":\"https:\/\/msdpaisajismo.com\/politica-de-privacidad\/\",\"url\":\"https:\/\/msdpaisajismo.com\/politica-de-privacidad\/\",\"name\":\"Pol\u00edtica de Privacidad - MSD Paisajismo\",\"isPartOf\":{\"@id\":\"https:\/\/msdpaisajismo.com\/#website\"},\"datePublished\":\"2024-04-03T10:55:08+00:00\",\"dateModified\":\"2024-04-03T10:56:09+00:00\",\"breadcrumb\":{\"@id\":\"https:\/\/msdpaisajismo.com\/politica-de-privacidad\/#breadcrumb\"},\"inLanguage\":\"de\",\"potentialAction\":[{\"@type\":\"ReadAction\",\"target\":[\"https:\/\/msdpaisajismo.com\/politica-de-privacidad\/\"]}]},{\"@type\":\"BreadcrumbList\",\"@id\":\"https:\/\/msdpaisajismo.com\/politica-de-privacidad\/#breadcrumb\",\"itemListElement\":[{\"@type\":\"ListItem\",\"position\":1,\"name\":\"Portada\",\"item\":\"https:\/\/msdpaisajismo.com\/\"},{\"@type\":\"ListItem\",\"position\":2,\"name\":\"Pol\u00edtica de Privacidad\"}]},{\"@type\":\"WebSite\",\"@id\":\"https:\/\/msdpaisajismo.com\/#website\",\"url\":\"https:\/\/msdpaisajismo.com\/\",\"name\":\"MSD Paisajismo\",\"description\":\"\",\"potentialAction\":[{\"@type\":\"SearchAction\",\"target\":{\"@type\":\"EntryPoint\",\"urlTemplate\":\"https:\/\/msdpaisajismo.com\/?s={search_term_string}\"},\"query-input\":{\"@type\":\"PropertyValueSpecification\",\"valueRequired\":true,\"valueName\":\"search_term_string\"}}],\"inLanguage\":\"de\"}]}<\/script>\n<!-- \/ Yoast SEO plugin. -->","yoast_head_json":{"title":"Pol\u00edtica de Privacidad - MSD Paisajismo","robots":{"index":"index","follow":"follow","max-snippet":"max-snippet:-1","max-image-preview":"max-image-preview:large","max-video-preview":"max-video-preview:-1"},"canonical":"https:\/\/msdpaisajismo.com\/de\/politica-de-privacidad\/","og_locale":"de_DE","og_type":"article","og_title":"Pol\u00edtica de Privacidad - MSD Paisajismo","og_description":"Pol\u00edtica de privacidad \u00abMSD Paisajismo\u00bb se encuentra profundamente comprometido con el cumplimiento de la normativa espa\u00f1ola y europea de protecci\u00f3n de datos de car\u00e1cter personal, y garantiza el cumplimiento \u00edntegro de las obligaciones dispuestas, as\u00ed como la implementaci\u00f3n de las medidas de seguridad dispuestas en el Reglamento General de Protecci\u00f3n de Datos (RGPD) (UE) 2016\/679, [&hellip;]","og_url":"https:\/\/msdpaisajismo.com\/de\/politica-de-privacidad\/","og_site_name":"MSD Paisajismo","article_modified_time":"2024-04-03T10:56:09+00:00","twitter_card":"summary_large_image","twitter_misc":{"Gesch\u00e4tzte Lesezeit":"8\u00a0Minuten"},"schema":{"@context":"https:\/\/schema.org","@graph":[{"@type":"WebPage","@id":"https:\/\/msdpaisajismo.com\/politica-de-privacidad\/","url":"https:\/\/msdpaisajismo.com\/politica-de-privacidad\/","name":"Pol\u00edtica de Privacidad - MSD Paisajismo","isPartOf":{"@id":"https:\/\/msdpaisajismo.com\/#website"},"datePublished":"2024-04-03T10:55:08+00:00","dateModified":"2024-04-03T10:56:09+00:00","breadcrumb":{"@id":"https:\/\/msdpaisajismo.com\/politica-de-privacidad\/#breadcrumb"},"inLanguage":"de","potentialAction":[{"@type":"ReadAction","target":["https:\/\/msdpaisajismo.com\/politica-de-privacidad\/"]}]},{"@type":"BreadcrumbList","@id":"https:\/\/msdpaisajismo.com\/politica-de-privacidad\/#breadcrumb","itemListElement":[{"@type":"ListItem","position":1,"name":"Portada","item":"https:\/\/msdpaisajismo.com\/"},{"@type":"ListItem","position":2,"name":"Pol\u00edtica de Privacidad"}]},{"@type":"WebSite","@id":"https:\/\/msdpaisajismo.com\/#website","url":"https:\/\/msdpaisajismo.com\/","name":"MSD Paisajismo","description":"","potentialAction":[{"@type":"SearchAction","target":{"@type":"EntryPoint","urlTemplate":"https:\/\/msdpaisajismo.com\/?s={search_term_string}"},"query-input":{"@type":"PropertyValueSpecification","valueRequired":true,"valueName":"search_term_string"}}],"inLanguage":"de"}]}},"_links":{"self":[{"href":"https:\/\/msdpaisajismo.com\/de\/wp-json\/wp\/v2\/pages\/10336","targetHints":{"allow":["GET"]}}],"collection":[{"href":"https:\/\/msdpaisajismo.com\/de\/wp-json\/wp\/v2\/pages"}],"about":[{"href":"https:\/\/msdpaisajismo.com\/de\/wp-json\/wp\/v2\/types\/page"}],"author":[{"embeddable":true,"href":"https:\/\/msdpaisajismo.com\/de\/wp-json\/wp\/v2\/users\/2"}],"replies":[{"embeddable":true,"href":"https:\/\/msdpaisajismo.com\/de\/wp-json\/wp\/v2\/comments?post=10336"}],"version-history":[{"count":4,"href":"https:\/\/msdpaisajismo.com\/de\/wp-json\/wp\/v2\/pages\/10336\/revisions"}],"predecessor-version":[{"id":10340,"href":"https:\/\/msdpaisajismo.com\/de\/wp-json\/wp\/v2\/pages\/10336\/revisions\/10340"}],"wp:attachment":[{"href":"https:\/\/msdpaisajismo.com\/de\/wp-json\/wp\/v2\/media?parent=10336"}],"curies":[{"name":"wp","href":"https:\/\/api.w.org\/{rel}","templated":true}]}}