{"id":10341,"date":"2024-04-03T13:01:54","date_gmt":"2024-04-03T11:01:54","guid":{"rendered":"https:\/\/msdpaisajismo.com\/?page_id=10341"},"modified":"2024-04-03T13:02:14","modified_gmt":"2024-04-03T11:02:14","slug":"politica-de-cookies","status":"publish","type":"page","link":"https:\/\/msdpaisajismo.com\/de\/politica-de-cookies\/","title":{"rendered":"Cookie-Richtlinie"},"content":{"rendered":"<div data-elementor-type=\"wp-page\" data-elementor-id=\"10341\" class=\"elementor elementor-10341\" data-elementor-post-type=\"page\">\n\t\t\t\t        <section class=\"elementor-section elementor-top-section elementor-element elementor-element-1303d62 elementor-section-boxed elementor-section-height-default elementor-section-height-default pxl-row-scroll-none pxl-show-grid-none pxl-section-bg-none pxl-section-grid-bg-false\" data-id=\"1303d62\" data-element_type=\"section\">\n\n                \n                <div class=\"elementor-container elementor-column-gap-default\">\n                <div class=\"elementor-column elementor-col-100 elementor-top-column elementor-element elementor-element-3544a87 pxl-column-none\" data-id=\"3544a87\" data-element_type=\"column\">\r\n        <div class=\"elementor-widget-wrap elementor-element-populated\">\r\n                     \r\n        \t\t<div class=\"elementor-element elementor-element-82b7794 elementor-widget elementor-widget-text-editor\" data-id=\"82b7794\" data-element_type=\"widget\" data-widget_type=\"text-editor.default\">\n\t\t\t\t<div class=\"elementor-widget-container\">\n\t\t\t\t\t\t\t\t\t<h2><span style=\"font-weight: 400\">Pol\u00edtica de cookies<\/span><\/h2><p><span style=\"font-weight: 400\">En cumplimiento de la Ley 34\/2002, de 11 de julio, de Servicios de la Sociedad de la Informaci\u00f3n y Comercio Electr\u00f3nico informamos al Usuario de la utilizaci\u00f3n de cookies en la web de \u201cMSD Paisajismo\u201d.<\/span><\/p><p><span style=\"font-weight: 400\">Una cookie es un fichero que se descarga en el ordenador o el dispositivo del Usuario (smartphone, tableta, televisi\u00f3n conectada&#8230;) al acceder a determinadas p\u00e1ginas web. Las cookies permiten, entre otras cosas, recopilar informaci\u00f3n estad\u00edstica, facilitar ciertas funcionalidades t\u00e9cnicas, almacenar y recuperar informaci\u00f3n sobre los h\u00e1bitos de navegaci\u00f3n o preferencias de un Usuario o de su equipo y, dependiendo de la informaci\u00f3n que contengan y de la forma en que utilice su equipo, pueden utilizarse para reconocer al Usuario, recordar aspectos del Usuario como su idioma, pa\u00eds, navegador, etc. En caso de no querer recibir cookies, el Usuario podr\u00e1 configurar su navegador para que las borre del disco duro de su ordenador, las bloquee o le avise en su caso de instalaci\u00f3n de las mismas. Para continuar sin cambios en la configuraci\u00f3n de las cookies, simplemente, contin\u00faa navegando en la p\u00e1gina web.<\/span><\/p><p><span style=\"font-weight: 400\">En esta web se utilizan las siguientes cookies:<\/span><\/p><p>\u00a0<\/p><table><tbody><tr><td><p><b>Nombre de la cookie<\/b><\/p><\/td><td><p><b>Descripci\u00f3n\/Finalidad<\/b><\/p><\/td><td><p><b>Tipo<\/b><\/p><\/td><td><p><b>Caducidad<\/b><\/p><\/td><\/tr><tr><td><p><span style=\"font-weight: 400\">(Cookie alfanum\u00e9rica variable seg\u00fan sesi\u00f3n)<\/span><\/p><\/td><td><p><span style=\"font-weight: 400\">Esta cookie es usada por el lenguaje de encriptado PHP para permitir que las variables de SESI\u00d3N sean guardadas en el servidor web. Esta cookie es esencial para el funcionamiento de la web<\/span><\/p><\/td><td><p><span style=\"font-weight: 400\">T\u00e9cnica<\/span><\/p><\/td><td><p><span style=\"font-weight: 400\">De Sesi\u00f3n<\/span><\/p><\/td><\/tr><tr><td><p><span style=\"font-weight: 400\">cookieconsent_status<\/span><\/p><\/td><td><p><span style=\"font-weight: 400\">Cookie usada para recordar la aceptaci\u00f3n de la pol\u00edtica de cookies por parte del Usuario.<\/span><\/p><\/td><td><p><span style=\"font-weight: 400\">T\u00e9cnica<\/span><\/p><\/td><td><p><span style=\"font-weight: 400\">Persistente<\/span><\/p><\/td><\/tr><tr><td><p><span style=\"font-weight: 400\"> _ga, _gat, _gid<\/span><\/p><\/td><td><p><span style=\"font-weight: 400\">Cookies de Google Analytics. Informes estad\u00edsticos sobre como los Usuarios encuentran la p\u00e1gina web y c\u00f3mo la utilizan: p\u00e1ginas visitadas, tiempo de estancia, tipo de navegador\u2026<\/span><\/p><p><span style=\"font-weight: 400\">_ga y _gid: Se usan para distinguir a los Usuarios.<\/span><\/p><p><span style=\"font-weight: 400\">_gat: Se usa para limitar el porcentaje de solicitudes<\/span><\/p><p><span style=\"font-weight: 400\">\u00a0<\/span><a href=\"http:\/\/www.google.com\/intl\/es\/policies\/\"><span style=\"font-weight: 400\">M\u00e1s informaci\u00f3n<\/span><\/a><\/p><\/td><td><p><span style=\"font-weight: 400\">Anal\u00edticas, de terceros<\/span><\/p><\/td><td><p><span style=\"font-weight: 400\">_ga: 2 a\u00f1os<\/span><\/p><p><span style=\"font-weight: 400\">_gid: 24 horas<\/span><\/p><p><span style=\"font-weight: 400\">_gat: 10 minutos<\/span><\/p><\/td><\/tr><\/tbody><\/table><p>\u00a0<\/p><p><b>Otras cookies<\/b><\/p><p><span style=\"font-weight: 400\">En alguna p\u00e1gina del Sitio Web se puede mostrar contenido embebido o invocado a trav\u00e9s del cual se pueden estar instalando cookies de terceros. Por ejemplo, cookies de Twitter:<\/span> <a href=\"https:\/\/twitter.com\/privacy\"><span style=\"font-weight: 400\">P\u00e1gina de Privacidad de Twitter<\/span><\/a><span style=\"font-weight: 400\">.<\/span><span style=\"font-weight: 400\">\u00a0 Cuando se incluyen estos contenidos en el Sitio Web se intenta que la \u00fanica finalidad de estas cookies sea t\u00e9cnica. Los terceros que prestan los contenidos pueden decidir cambiar la finalidad de estas cookies, por lo que se revisan estas p\u00e1ginas cada cierto tiempo.<\/span><\/p><p><b>Configuraci\u00f3n de cookies<\/b><\/p><p><span style=\"font-weight: 400\">El Usuario puede permitir, bloquear o eliminar las cookies instaladas en su equipo mediante la configuraci\u00f3n de las opciones de su navegador. Puedes encontrar informaci\u00f3n sobre c\u00f3mo hacerlo, en relaci\u00f3n con los navegadores m\u00e1s comunes, en los links que se incluyen a continuaci\u00f3n: para <\/span><a href=\"http:\/\/windows.microsoft.com\/es-es\/internet-explorer\/delete-manage-cookies#ie=ie-11\"><span style=\"font-weight: 400\">Internet Explorer<\/span><\/a><span style=\"font-weight: 400\">\u2122\u00a0 -Para <\/span><a href=\"http:\/\/www.apple.com\/legal\/privacy\/es\/cookies\/\"><span style=\"font-weight: 400\">Safari<\/span><\/a><span style=\"font-weight: 400\">\u2122 \u00a0 -Para <\/span><a href=\"https:\/\/support.google.com\/chrome\/answer\/95647?hl=es\"><span style=\"font-weight: 400\">Chrome<\/span><\/a><span style=\"font-weight: 400\">\u2122\u00a0 -Para <\/span><a href=\"https:\/\/support.mozilla.org\/es\/kb\/cookies-informacion-que-los-sitios-web-guardan-en-?redirectlocale=en-US&amp;redirectslug=Cookies\"><span style=\"font-weight: 400\">Firefox<\/span><\/a><span style=\"font-weight: 400\">\u2122\u00a0 -Para <\/span><a href=\"https:\/\/www.opera.com\/help\/tutorials\/security\/cookies\/#sitenav\"><span style=\"font-weight: 400\">Opera<\/span><\/a><span style=\"font-weight: 400\">\u2122\u00a0 -Para <\/span><a href=\"https:\/\/privacy.microsoft.com\/es-es\/windows-10-microsoft-edge-and-privacy\"><span style=\"font-weight: 400\">Edge<\/span><\/a><span style=\"font-weight: 400\">\u2122<\/span><\/p><p><b>Aceptaci\u00f3n de cookies<\/b><\/p><p><span style=\"font-weight: 400\">Al acceder a este sitio web por primera vez, ver\u00e1s una ventana d\u00f3nde se informa de la utilizaci\u00f3n de las cookies y donde puedes consultar esta \u201cPol\u00edtica de cookies\u201d. Puedes cambiar la configuraci\u00f3n de cookies en cualquier momento, configurando el navegador para aceptar, o no, las cookies que recibes o para que el navegador te avise cuando un servidor quiera guardar una cookie. Te informamos de que, en el caso de bloquear o no aceptar la instalaci\u00f3n de cookies, es posible que ciertos servicios no est\u00e9n disponibles sin la utilizaci\u00f3n de \u00e9stas o que no pueda acceder a determinados servicios ni tampoco aprovechar por completo todo lo que nuestra web ofrece.<\/span><\/p><p><span style=\"font-weight: 400\">\u201cMSD Paisajismo\u201d te agradece que consientas la aceptaci\u00f3n de cookies, esto nos ayuda a obtener datos m\u00e1s precisos que nos permiten mejorar el contenido y el dise\u00f1o de nuestras p\u00e1ginas webs para adaptarlas a tus preferencias.<\/span><\/p><p>\u00a0<\/p>\t\t\t\t\t\t\t\t<\/div>\n\t\t\t\t<\/div>\n\t\t            <\/div>\r\n        <\/div>\r\n        \t\t\t<\/div>\n\t\t<\/section>\n\t\t\t\t<\/div>","protected":false},"excerpt":{"rendered":"<p>Pol\u00edtica de cookies En cumplimiento de la Ley 34\/2002, de 11 de julio, de Servicios de la Sociedad de la Informaci\u00f3n y Comercio Electr\u00f3nico informamos al Usuario de la utilizaci\u00f3n de cookies en la web de \u201cMSD Paisajismo\u201d. Una cookie es un fichero que se descarga en el ordenador o el dispositivo del Usuario (smartphone, [&hellip;]<\/p>","protected":false},"author":2,"featured_media":0,"parent":0,"menu_order":0,"comment_status":"closed","ping_status":"closed","template":"","meta":{"footnotes":""},"class_list":["post-10341","page","type-page","status-publish","hentry"],"yoast_head":"<!-- This site is optimized with the Yoast SEO plugin v26.4 - https:\/\/yoast.com\/wordpress\/plugins\/seo\/ -->\n<title>Pol\u00edtica de Cookies - MSD Paisajismo<\/title>\n<meta name=\"robots\" content=\"index, follow, max-snippet:-1, max-image-preview:large, max-video-preview:-1\" \/>\n<link rel=\"canonical\" href=\"https:\/\/msdpaisajismo.com\/de\/politica-de-cookies\/\" \/>\n<meta property=\"og:locale\" content=\"de_DE\" \/>\n<meta property=\"og:type\" content=\"article\" \/>\n<meta property=\"og:title\" content=\"Pol\u00edtica de Cookies - MSD Paisajismo\" \/>\n<meta property=\"og:description\" content=\"Pol\u00edtica de cookies En cumplimiento de la Ley 34\/2002, de 11 de julio, de Servicios de la Sociedad de la Informaci\u00f3n y Comercio Electr\u00f3nico informamos al Usuario de la utilizaci\u00f3n de cookies en la web de \u201cMSD Paisajismo\u201d. Una cookie es un fichero que se descarga en el ordenador o el dispositivo del Usuario (smartphone, [&hellip;]\" \/>\n<meta property=\"og:url\" content=\"https:\/\/msdpaisajismo.com\/de\/politica-de-cookies\/\" \/>\n<meta property=\"og:site_name\" content=\"MSD Paisajismo\" \/>\n<meta property=\"article:modified_time\" content=\"2024-04-03T11:02:14+00:00\" \/>\n<meta name=\"twitter:card\" content=\"summary_large_image\" \/>\n<meta name=\"twitter:label1\" content=\"Gesch\u00e4tzte Lesezeit\" \/>\n\t<meta name=\"twitter:data1\" content=\"3\u00a0Minuten\" \/>\n<script type=\"application\/ld+json\" class=\"yoast-schema-graph\">{\"@context\":\"https:\/\/schema.org\",\"@graph\":[{\"@type\":\"WebPage\",\"@id\":\"https:\/\/msdpaisajismo.com\/politica-de-cookies\/\",\"url\":\"https:\/\/msdpaisajismo.com\/politica-de-cookies\/\",\"name\":\"Pol\u00edtica de Cookies - MSD Paisajismo\",\"isPartOf\":{\"@id\":\"https:\/\/msdpaisajismo.com\/#website\"},\"datePublished\":\"2024-04-03T11:01:54+00:00\",\"dateModified\":\"2024-04-03T11:02:14+00:00\",\"breadcrumb\":{\"@id\":\"https:\/\/msdpaisajismo.com\/politica-de-cookies\/#breadcrumb\"},\"inLanguage\":\"de\",\"potentialAction\":[{\"@type\":\"ReadAction\",\"target\":[\"https:\/\/msdpaisajismo.com\/politica-de-cookies\/\"]}]},{\"@type\":\"BreadcrumbList\",\"@id\":\"https:\/\/msdpaisajismo.com\/politica-de-cookies\/#breadcrumb\",\"itemListElement\":[{\"@type\":\"ListItem\",\"position\":1,\"name\":\"Portada\",\"item\":\"https:\/\/msdpaisajismo.com\/\"},{\"@type\":\"ListItem\",\"position\":2,\"name\":\"Pol\u00edtica de Cookies\"}]},{\"@type\":\"WebSite\",\"@id\":\"https:\/\/msdpaisajismo.com\/#website\",\"url\":\"https:\/\/msdpaisajismo.com\/\",\"name\":\"MSD Paisajismo\",\"description\":\"\",\"potentialAction\":[{\"@type\":\"SearchAction\",\"target\":{\"@type\":\"EntryPoint\",\"urlTemplate\":\"https:\/\/msdpaisajismo.com\/?s={search_term_string}\"},\"query-input\":{\"@type\":\"PropertyValueSpecification\",\"valueRequired\":true,\"valueName\":\"search_term_string\"}}],\"inLanguage\":\"de\"}]}<\/script>\n<!-- \/ Yoast SEO plugin. -->","yoast_head_json":{"title":"Pol\u00edtica de Cookies - MSD Paisajismo","robots":{"index":"index","follow":"follow","max-snippet":"max-snippet:-1","max-image-preview":"max-image-preview:large","max-video-preview":"max-video-preview:-1"},"canonical":"https:\/\/msdpaisajismo.com\/de\/politica-de-cookies\/","og_locale":"de_DE","og_type":"article","og_title":"Pol\u00edtica de Cookies - MSD Paisajismo","og_description":"Pol\u00edtica de cookies En cumplimiento de la Ley 34\/2002, de 11 de julio, de Servicios de la Sociedad de la Informaci\u00f3n y Comercio Electr\u00f3nico informamos al Usuario de la utilizaci\u00f3n de cookies en la web de \u201cMSD Paisajismo\u201d. Una cookie es un fichero que se descarga en el ordenador o el dispositivo del Usuario (smartphone, [&hellip;]","og_url":"https:\/\/msdpaisajismo.com\/de\/politica-de-cookies\/","og_site_name":"MSD Paisajismo","article_modified_time":"2024-04-03T11:02:14+00:00","twitter_card":"summary_large_image","twitter_misc":{"Gesch\u00e4tzte Lesezeit":"3\u00a0Minuten"},"schema":{"@context":"https:\/\/schema.org","@graph":[{"@type":"WebPage","@id":"https:\/\/msdpaisajismo.com\/politica-de-cookies\/","url":"https:\/\/msdpaisajismo.com\/politica-de-cookies\/","name":"Pol\u00edtica de Cookies - MSD Paisajismo","isPartOf":{"@id":"https:\/\/msdpaisajismo.com\/#website"},"datePublished":"2024-04-03T11:01:54+00:00","dateModified":"2024-04-03T11:02:14+00:00","breadcrumb":{"@id":"https:\/\/msdpaisajismo.com\/politica-de-cookies\/#breadcrumb"},"inLanguage":"de","potentialAction":[{"@type":"ReadAction","target":["https:\/\/msdpaisajismo.com\/politica-de-cookies\/"]}]},{"@type":"BreadcrumbList","@id":"https:\/\/msdpaisajismo.com\/politica-de-cookies\/#breadcrumb","itemListElement":[{"@type":"ListItem","position":1,"name":"Portada","item":"https:\/\/msdpaisajismo.com\/"},{"@type":"ListItem","position":2,"name":"Pol\u00edtica de Cookies"}]},{"@type":"WebSite","@id":"https:\/\/msdpaisajismo.com\/#website","url":"https:\/\/msdpaisajismo.com\/","name":"MSD Paisajismo","description":"","potentialAction":[{"@type":"SearchAction","target":{"@type":"EntryPoint","urlTemplate":"https:\/\/msdpaisajismo.com\/?s={search_term_string}"},"query-input":{"@type":"PropertyValueSpecification","valueRequired":true,"valueName":"search_term_string"}}],"inLanguage":"de"}]}},"_links":{"self":[{"href":"https:\/\/msdpaisajismo.com\/de\/wp-json\/wp\/v2\/pages\/10341","targetHints":{"allow":["GET"]}}],"collection":[{"href":"https:\/\/msdpaisajismo.com\/de\/wp-json\/wp\/v2\/pages"}],"about":[{"href":"https:\/\/msdpaisajismo.com\/de\/wp-json\/wp\/v2\/types\/page"}],"author":[{"embeddable":true,"href":"https:\/\/msdpaisajismo.com\/de\/wp-json\/wp\/v2\/users\/2"}],"replies":[{"embeddable":true,"href":"https:\/\/msdpaisajismo.com\/de\/wp-json\/wp\/v2\/comments?post=10341"}],"version-history":[{"count":4,"href":"https:\/\/msdpaisajismo.com\/de\/wp-json\/wp\/v2\/pages\/10341\/revisions"}],"predecessor-version":[{"id":10345,"href":"https:\/\/msdpaisajismo.com\/de\/wp-json\/wp\/v2\/pages\/10341\/revisions\/10345"}],"wp:attachment":[{"href":"https:\/\/msdpaisajismo.com\/de\/wp-json\/wp\/v2\/media?parent=10341"}],"curies":[{"name":"wp","href":"https:\/\/api.w.org\/{rel}","templated":true}]}}