{"id":1481,"date":"2023-05-07T22:14:01","date_gmt":"2023-05-07T22:14:01","guid":{"rendered":"http:\/\/localhost\/mrittik\/?page_id=1481"},"modified":"2024-04-05T13:56:43","modified_gmt":"2024-04-05T11:56:43","slug":"blog","status":"publish","type":"page","link":"https:\/\/msdpaisajismo.com\/de\/blog\/","title":{"rendered":"Blog"},"content":{"rendered":"<div data-elementor-type=\"wp-page\" data-elementor-id=\"1481\" class=\"elementor elementor-1481\" data-elementor-post-type=\"page\">\n\t\t\t\t        <section class=\"elementor-section elementor-top-section elementor-element elementor-element-39fc627 elementor-section-boxed elementor-section-height-default elementor-section-height-default pxl-row-scroll-none pxl-show-grid-none pxl-section-bg-none pxl-section-grid-bg-false\" data-id=\"39fc627\" data-element_type=\"section\">\n\n                \n                <div class=\"elementor-container elementor-column-gap-default\">\n                <div class=\"elementor-column elementor-col-100 elementor-top-column elementor-element elementor-element-155f8b7 pxl-column-none\" data-id=\"155f8b7\" data-element_type=\"column\">\r\n        <div class=\"elementor-widget-wrap elementor-element-populated\">\r\n                     \r\n        \t\t<div class=\"elementor-element elementor-element-1693514 pxl-post-layout-post-1 elementor-widget elementor-widget-pxl_post_grid\" data-id=\"1693514\" data-element_type=\"widget\" data-widget_type=\"pxl_post_grid.default\">\n\t\t\t\t<div class=\"elementor-widget-container\">\n\t\t\t\t\t\n<div id=\"pxl_post_grid-1693514-9661\" class=\"pxl-grid pxl-blog-grid pxl-blog-grid-layout1 pxl-parent-transition\" data-layout=\"masonry\" data-start-page=\"1\" data-max-pages=\"1\" data-total=\"5\" data-perpage=\"6\" data-next-link=\"\">\n    \n    <div class=\"pxl-grid-inner pxl-grid-masonry row\" data-gutter=\"15\">\n        <div class=\"grid-sizer col-xxl-4 col-xl-4 col-lg-4 col-md-6 col-sm-12 col-12\"><\/div>\n                    <div class=\"pxl-grid-item col-xxl-4 col-xl-4 col-lg-4 col-md-6 col-sm-12 col-12\">\n                <div class=\"pxl-item--inner\" data-wow-duration=\"1.2s\">\n                                            <div class=\"item--featured\">\n                            <img fetchpriority=\"high\" decoding=\"async\" class=\"no-lazyload\" src=\"https:\/\/msdpaisajismo.com\/wp-content\/uploads\/2024\/04\/paseo-botanico-1170x1543.jpg\" width=\"1170\" height=\"1543\" alt=\"paseo-botanico\" title=\"paseo-botanico\" \/>                        <\/div>\n                                        <div class=\"item--content\">\n                        <span class=\"item--overlay\"><\/span>\n                                                <h1 class=\"item--count show\">01<\/h1>\n                        <h1 class=\"item--count hide\">01<\/h1>\n\n                                                    <ul class=\"item--meta pxl-transtion\">\n                                                                    <li class=\"item--date\">April 3, 2024<\/li>\n                                                                                            <\/ul>\n                                                <h5 class=\"item--title\"><a class=\"pxl-transtion\" href=\"https:\/\/msdpaisajismo.com\/de\/caminando-por-el-baltico\/\">Ein Spaziergang entlang der Ostsee.<\/a><\/h5>\n                                                                            <a class=\"item--button pxl-btn-line pxl-transtion\" href=\"https:\/\/msdpaisajismo.com\/de\/caminando-por-el-baltico\/\">\n                                <span class=\"btn-text\">\n                                    MEHR LESEN                                <\/span>\n                                <span class=\"btn-icon\">\n                                    <span class=\"line\"><\/span>\n                                    <span class=\"circle\"><\/span>\n                                    <span class=\"dot\"><\/span>\n                                <\/span>\n                            <\/a>\n                                            <\/div>\n                <\/div>\n            <\/div>\n                    <div class=\"pxl-grid-item col-xxl-4 col-xl-4 col-lg-4 col-md-6 col-sm-12 col-12\">\n                <div class=\"pxl-item--inner\" data-wow-duration=\"1.2s\">\n                                            <div class=\"item--featured\">\n                            <img decoding=\"async\" class=\"no-lazyload\" src=\"https:\/\/msdpaisajismo.com\/wp-content\/uploads\/2024\/03\/paseo-falces-1170x1543.jpg\" width=\"1170\" height=\"1543\" alt=\"paseo-falces\" title=\"paseo-falces\" \/>                        <\/div>\n                                        <div class=\"item--content\">\n                        <span class=\"item--overlay\"><\/span>\n                                                <h1 class=\"item--count show\">02<\/h1>\n                        <h1 class=\"item--count hide\">02<\/h1>\n\n                                                    <ul class=\"item--meta pxl-transtion\">\n                                                                    <li class=\"item--date\">M\u00e4rz 18, 2024<\/li>\n                                                                                            <\/ul>\n                                                <h5 class=\"item--title\"><a class=\"pxl-transtion\" href=\"https:\/\/msdpaisajismo.com\/de\/paseo-botanico-por-el-entorno-de-falces\/\">Botanischer Spaziergang rund um Falces<\/a><\/h5>\n                                                                            <a class=\"item--button pxl-btn-line pxl-transtion\" href=\"https:\/\/msdpaisajismo.com\/de\/paseo-botanico-por-el-entorno-de-falces\/\">\n                                <span class=\"btn-text\">\n                                    MEHR LESEN                                <\/span>\n                                <span class=\"btn-icon\">\n                                    <span class=\"line\"><\/span>\n                                    <span class=\"circle\"><\/span>\n                                    <span class=\"dot\"><\/span>\n                                <\/span>\n                            <\/a>\n                                            <\/div>\n                <\/div>\n            <\/div>\n                    <div class=\"pxl-grid-item col-xxl-4 col-xl-4 col-lg-4 col-md-6 col-sm-12 col-12\">\n                <div class=\"pxl-item--inner\" data-wow-duration=\"1.2s\">\n                                            <div class=\"item--featured\">\n                            <img decoding=\"async\" class=\"no-lazyload\" src=\"https:\/\/msdpaisajismo.com\/wp-content\/uploads\/2023\/08\/paseo-litoral-bizkaia-1170x1543.jpg\" width=\"1170\" height=\"1543\" alt=\"paseo-litoral-bizkaia\" title=\"paseo-litoral-bizkaia\" \/>                        <\/div>\n                                        <div class=\"item--content\">\n                        <span class=\"item--overlay\"><\/span>\n                                                <h1 class=\"item--count show\">03<\/h1>\n                        <h1 class=\"item--count hide\">03<\/h1>\n\n                                                    <ul class=\"item--meta pxl-transtion\">\n                                                                    <li class=\"item--date\">August 21, 2023<\/li>\n                                                                                            <\/ul>\n                                                <h5 class=\"item--title\"><a class=\"pxl-transtion\" href=\"https:\/\/msdpaisajismo.com\/de\/paseo-por-el-litoral-de-bizkaia\/\">Spazieren Sie entlang der K\u00fcste von Bizkaia<\/a><\/h5>\n                                                                            <a class=\"item--button pxl-btn-line pxl-transtion\" href=\"https:\/\/msdpaisajismo.com\/de\/paseo-por-el-litoral-de-bizkaia\/\">\n                                <span class=\"btn-text\">\n                                    MEHR LESEN                                <\/span>\n                                <span class=\"btn-icon\">\n                                    <span class=\"line\"><\/span>\n                                    <span class=\"circle\"><\/span>\n                                    <span class=\"dot\"><\/span>\n                                <\/span>\n                            <\/a>\n                                            <\/div>\n                <\/div>\n            <\/div>\n                    <div class=\"pxl-grid-item col-xxl-4 col-xl-4 col-lg-4 col-md-6 col-sm-12 col-12\">\n                <div class=\"pxl-item--inner\" data-wow-duration=\"1.2s\">\n                                            <div class=\"item--featured\">\n                            <img loading=\"lazy\" decoding=\"async\" class=\"no-lazyload\" src=\"https:\/\/msdpaisajismo.com\/wp-content\/uploads\/2023\/03\/paseo-urdain-1170x1543.jpg\" width=\"1170\" height=\"1543\" alt=\"paseo-urdain\" title=\"paseo-urdain\" \/>                        <\/div>\n                                        <div class=\"item--content\">\n                        <span class=\"item--overlay\"><\/span>\n                                                <h1 class=\"item--count show\">04<\/h1>\n                        <h1 class=\"item--count hide\">04<\/h1>\n\n                                                    <ul class=\"item--meta pxl-transtion\">\n                                                                    <li class=\"item--date\">M\u00e4rz 5, 2023<\/li>\n                                                                                            <\/ul>\n                                                <h5 class=\"item--title\"><a class=\"pxl-transtion\" href=\"https:\/\/msdpaisajismo.com\/de\/paseo-botanico-a-urdiain-navarra\/\">Botanischer Spaziergang nach Urdiain, Navarra<\/a><\/h5>\n                                                                            <a class=\"item--button pxl-btn-line pxl-transtion\" href=\"https:\/\/msdpaisajismo.com\/de\/paseo-botanico-a-urdiain-navarra\/\">\n                                <span class=\"btn-text\">\n                                    MEHR LESEN                                <\/span>\n                                <span class=\"btn-icon\">\n                                    <span class=\"line\"><\/span>\n                                    <span class=\"circle\"><\/span>\n                                    <span class=\"dot\"><\/span>\n                                <\/span>\n                            <\/a>\n                                            <\/div>\n                <\/div>\n            <\/div>\n                    <div class=\"pxl-grid-item col-xxl-4 col-xl-4 col-lg-4 col-md-6 col-sm-12 col-12\">\n                <div class=\"pxl-item--inner\" data-wow-duration=\"1.2s\">\n                                            <div class=\"item--featured\">\n                            <img loading=\"lazy\" decoding=\"async\" class=\"no-lazyload\" src=\"https:\/\/msdpaisajismo.com\/wp-content\/uploads\/2022\/11\/caminando-por-macedonia.jpg\" width=\"768\" height=\"1024\" alt=\"caminando por macedonia\" title=\"caminando por macedonia\" \/>                        <\/div>\n                                        <div class=\"item--content\">\n                        <span class=\"item--overlay\"><\/span>\n                                                <h1 class=\"item--count show\">05<\/h1>\n                        <h1 class=\"item--count hide\">05<\/h1>\n\n                                                    <ul class=\"item--meta pxl-transtion\">\n                                                                    <li class=\"item--date\">November 1, 2022<\/li>\n                                                                                            <\/ul>\n                                                <h5 class=\"item--title\"><a class=\"pxl-transtion\" href=\"https:\/\/msdpaisajismo.com\/de\/caminando-por-macedonia-del-norte\/\">Wanderung durch Nordmazedonien<\/a><\/h5>\n                                                                            <a class=\"item--button pxl-btn-line pxl-transtion\" href=\"https:\/\/msdpaisajismo.com\/de\/caminando-por-macedonia-del-norte\/\">\n                                <span class=\"btn-text\">\n                                    MEHR LESEN                                <\/span>\n                                <span class=\"btn-icon\">\n                                    <span class=\"line\"><\/span>\n                                    <span class=\"circle\"><\/span>\n                                    <span class=\"dot\"><\/span>\n                                <\/span>\n                            <\/a>\n                                            <\/div>\n                <\/div>\n            <\/div>\n            <\/div>\n    <div class=\"pxl-grid-no-results\">No matching results.<\/div>\n            <div class=\"pxl-grid-pagination\" data-loadmore=\"{&quot;post_type&quot;:&quot;post&quot;,&quot;layout&quot;:&quot;post-1&quot;,&quot;layout_mode&quot;:&quot;masonry&quot;,&quot;startPage&quot;:1,&quot;maxPages&quot;:1,&quot;total&quot;:5,&quot;perpage&quot;:6,&quot;nextLink&quot;:&quot;&quot;,&quot;source&quot;:&quot;&quot;,&quot;orderby&quot;:&quot;date&quot;,&quot;order&quot;:&quot;desc&quot;,&quot;limit&quot;:6,&quot;post_ids&quot;:[],&quot;col_xxl&quot;:4,&quot;col_xl&quot;:4,&quot;col_lg&quot;:4,&quot;col_md&quot;:6,&quot;col_sm&quot;:12,&quot;col_xs&quot;:12,&quot;pagination_type&quot;:&quot;pagination&quot;,&quot;show_date&quot;:&quot;true&quot;,&quot;show_category&quot;:&quot;&quot;,&quot;show_excerpt&quot;:&quot;true&quot;,&quot;num_words&quot;:34,&quot;text_line&quot;:6,&quot;show_button&quot;:&quot;true&quot;,&quot;button_text&quot;:&quot;LEER M\\u00c1S&quot;,&quot;img_size&quot;:&quot;&quot;,&quot;grid_masonry&quot;:&quot;&quot;,&quot;pxl_animate&quot;:&quot;&quot;,&quot;tax&quot;:[]}\" data-query=\"{&quot;post_type&quot;:&quot;post&quot;,&quot;post_status&quot;:&quot;publish&quot;,&quot;posts_per_page&quot;:6,&quot;order&quot;:&quot;desc&quot;,&quot;orderby&quot;:&quot;date&quot;,&quot;tax_query&quot;:{&quot;relation&quot;:&quot;OR&quot;},&quot;post__not_in&quot;:[1481]}\">\n                    <\/div>\n        <\/div>\t\t\t\t<\/div>\n\t\t\t\t<\/div>\n\t\t            <\/div>\r\n        <\/div>\r\n        \t\t\t<\/div>\n\t\t<\/section>\n\t\t\t\t<\/div>","protected":false},"excerpt":{"rendered":"<p>01 01 abril 3, 2024 Caminando por el b\u00e1ltico. LEER M\u00c1S 02 02 marzo 18, 2024 Paseo bot\u00e1nico por el entorno de Falces LEER M\u00c1S 03 03 agosto 21, 2023 Paseo por el litoral de Bizkaia LEER M\u00c1S 04 04 marzo 5, 2023 Paseo bot\u00e1nico a Urdiain, Navarra LEER M\u00c1S 05 05 noviembre 1, 2022 [&hellip;]<\/p>","protected":false},"author":2,"featured_media":0,"parent":0,"menu_order":0,"comment_status":"closed","ping_status":"closed","template":"","meta":{"footnotes":""},"class_list":["post-1481","page","type-page","status-publish","hentry"],"yoast_head":"<!-- This site is optimized with the Yoast SEO plugin v26.4 - https:\/\/yoast.com\/wordpress\/plugins\/seo\/ -->\n<title>Blog - MSD Paisajismo<\/title>\n<meta name=\"robots\" content=\"index, follow, max-snippet:-1, max-image-preview:large, max-video-preview:-1\" \/>\n<link rel=\"canonical\" href=\"https:\/\/msdpaisajismo.com\/de\/blog\/\" \/>\n<meta property=\"og:locale\" content=\"de_DE\" \/>\n<meta property=\"og:type\" content=\"article\" \/>\n<meta property=\"og:title\" content=\"Blog - MSD Paisajismo\" \/>\n<meta property=\"og:description\" content=\"01 01 abril 3, 2024 Caminando por el b\u00e1ltico. LEER M\u00c1S 02 02 marzo 18, 2024 Paseo bot\u00e1nico por el entorno de Falces LEER M\u00c1S 03 03 agosto 21, 2023 Paseo por el litoral de Bizkaia LEER M\u00c1S 04 04 marzo 5, 2023 Paseo bot\u00e1nico a Urdiain, Navarra LEER M\u00c1S 05 05 noviembre 1, 2022 [&hellip;]\" \/>\n<meta property=\"og:url\" content=\"https:\/\/msdpaisajismo.com\/de\/blog\/\" \/>\n<meta property=\"og:site_name\" content=\"MSD Paisajismo\" \/>\n<meta property=\"article:modified_time\" content=\"2024-04-05T11:56:43+00:00\" \/>\n<meta property=\"og:image\" content=\"https:\/\/msdpaisajismo.com\/wp-content\/uploads\/2024\/04\/paseo-botanico-720x1543.jpg\" \/>\n<meta name=\"twitter:card\" content=\"summary_large_image\" \/>\n<script type=\"application\/ld+json\" class=\"yoast-schema-graph\">{\"@context\":\"https:\/\/schema.org\",\"@graph\":[{\"@type\":\"WebPage\",\"@id\":\"https:\/\/msdpaisajismo.com\/blog\/\",\"url\":\"https:\/\/msdpaisajismo.com\/blog\/\",\"name\":\"Blog - MSD Paisajismo\",\"isPartOf\":{\"@id\":\"https:\/\/msdpaisajismo.com\/#website\"},\"primaryImageOfPage\":{\"@id\":\"https:\/\/msdpaisajismo.com\/blog\/#primaryimage\"},\"image\":{\"@id\":\"https:\/\/msdpaisajismo.com\/blog\/#primaryimage\"},\"thumbnailUrl\":\"https:\/\/msdpaisajismo.com\/wp-content\/uploads\/2024\/04\/paseo-botanico-720x1543.jpg\",\"datePublished\":\"2023-05-07T22:14:01+00:00\",\"dateModified\":\"2024-04-05T11:56:43+00:00\",\"breadcrumb\":{\"@id\":\"https:\/\/msdpaisajismo.com\/blog\/#breadcrumb\"},\"inLanguage\":\"de\",\"potentialAction\":[{\"@type\":\"ReadAction\",\"target\":[\"https:\/\/msdpaisajismo.com\/blog\/\"]}]},{\"@type\":\"ImageObject\",\"inLanguage\":\"de\",\"@id\":\"https:\/\/msdpaisajismo.com\/blog\/#primaryimage\",\"url\":\"https:\/\/msdpaisajismo.com\/wp-content\/uploads\/2024\/04\/paseo-botanico-720x1543.jpg\",\"contentUrl\":\"https:\/\/msdpaisajismo.com\/wp-content\/uploads\/2024\/04\/paseo-botanico-720x1543.jpg\"},{\"@type\":\"BreadcrumbList\",\"@id\":\"https:\/\/msdpaisajismo.com\/blog\/#breadcrumb\",\"itemListElement\":[{\"@type\":\"ListItem\",\"position\":1,\"name\":\"Portada\",\"item\":\"https:\/\/msdpaisajismo.com\/\"},{\"@type\":\"ListItem\",\"position\":2,\"name\":\"Blog\"}]},{\"@type\":\"WebSite\",\"@id\":\"https:\/\/msdpaisajismo.com\/#website\",\"url\":\"https:\/\/msdpaisajismo.com\/\",\"name\":\"MSD Paisajismo\",\"description\":\"\",\"potentialAction\":[{\"@type\":\"SearchAction\",\"target\":{\"@type\":\"EntryPoint\",\"urlTemplate\":\"https:\/\/msdpaisajismo.com\/?s={search_term_string}\"},\"query-input\":{\"@type\":\"PropertyValueSpecification\",\"valueRequired\":true,\"valueName\":\"search_term_string\"}}],\"inLanguage\":\"de\"}]}<\/script>\n<!-- \/ Yoast SEO plugin. -->","yoast_head_json":{"title":"Blog - MSD Paisajismo","robots":{"index":"index","follow":"follow","max-snippet":"max-snippet:-1","max-image-preview":"max-image-preview:large","max-video-preview":"max-video-preview:-1"},"canonical":"https:\/\/msdpaisajismo.com\/de\/blog\/","og_locale":"de_DE","og_type":"article","og_title":"Blog - MSD Paisajismo","og_description":"01 01 abril 3, 2024 Caminando por el b\u00e1ltico. LEER M\u00c1S 02 02 marzo 18, 2024 Paseo bot\u00e1nico por el entorno de Falces LEER M\u00c1S 03 03 agosto 21, 2023 Paseo por el litoral de Bizkaia LEER M\u00c1S 04 04 marzo 5, 2023 Paseo bot\u00e1nico a Urdiain, Navarra LEER M\u00c1S 05 05 noviembre 1, 2022 [&hellip;]","og_url":"https:\/\/msdpaisajismo.com\/de\/blog\/","og_site_name":"MSD Paisajismo","article_modified_time":"2024-04-05T11:56:43+00:00","og_image":[{"url":"https:\/\/msdpaisajismo.com\/wp-content\/uploads\/2024\/04\/paseo-botanico-720x1543.jpg","type":"","width":"","height":""}],"twitter_card":"summary_large_image","schema":{"@context":"https:\/\/schema.org","@graph":[{"@type":"WebPage","@id":"https:\/\/msdpaisajismo.com\/blog\/","url":"https:\/\/msdpaisajismo.com\/blog\/","name":"Blog - MSD Paisajismo","isPartOf":{"@id":"https:\/\/msdpaisajismo.com\/#website"},"primaryImageOfPage":{"@id":"https:\/\/msdpaisajismo.com\/blog\/#primaryimage"},"image":{"@id":"https:\/\/msdpaisajismo.com\/blog\/#primaryimage"},"thumbnailUrl":"https:\/\/msdpaisajismo.com\/wp-content\/uploads\/2024\/04\/paseo-botanico-720x1543.jpg","datePublished":"2023-05-07T22:14:01+00:00","dateModified":"2024-04-05T11:56:43+00:00","breadcrumb":{"@id":"https:\/\/msdpaisajismo.com\/blog\/#breadcrumb"},"inLanguage":"de","potentialAction":[{"@type":"ReadAction","target":["https:\/\/msdpaisajismo.com\/blog\/"]}]},{"@type":"ImageObject","inLanguage":"de","@id":"https:\/\/msdpaisajismo.com\/blog\/#primaryimage","url":"https:\/\/msdpaisajismo.com\/wp-content\/uploads\/2024\/04\/paseo-botanico-720x1543.jpg","contentUrl":"https:\/\/msdpaisajismo.com\/wp-content\/uploads\/2024\/04\/paseo-botanico-720x1543.jpg"},{"@type":"BreadcrumbList","@id":"https:\/\/msdpaisajismo.com\/blog\/#breadcrumb","itemListElement":[{"@type":"ListItem","position":1,"name":"Portada","item":"https:\/\/msdpaisajismo.com\/"},{"@type":"ListItem","position":2,"name":"Blog"}]},{"@type":"WebSite","@id":"https:\/\/msdpaisajismo.com\/#website","url":"https:\/\/msdpaisajismo.com\/","name":"MSD Paisajismo","description":"","potentialAction":[{"@type":"SearchAction","target":{"@type":"EntryPoint","urlTemplate":"https:\/\/msdpaisajismo.com\/?s={search_term_string}"},"query-input":{"@type":"PropertyValueSpecification","valueRequired":true,"valueName":"search_term_string"}}],"inLanguage":"de"}]}},"_links":{"self":[{"href":"https:\/\/msdpaisajismo.com\/de\/wp-json\/wp\/v2\/pages\/1481","targetHints":{"allow":["GET"]}}],"collection":[{"href":"https:\/\/msdpaisajismo.com\/de\/wp-json\/wp\/v2\/pages"}],"about":[{"href":"https:\/\/msdpaisajismo.com\/de\/wp-json\/wp\/v2\/types\/page"}],"author":[{"embeddable":true,"href":"https:\/\/msdpaisajismo.com\/de\/wp-json\/wp\/v2\/users\/2"}],"replies":[{"embeddable":true,"href":"https:\/\/msdpaisajismo.com\/de\/wp-json\/wp\/v2\/comments?post=1481"}],"version-history":[{"count":18,"href":"https:\/\/msdpaisajismo.com\/de\/wp-json\/wp\/v2\/pages\/1481\/revisions"}],"predecessor-version":[{"id":10413,"href":"https:\/\/msdpaisajismo.com\/de\/wp-json\/wp\/v2\/pages\/1481\/revisions\/10413"}],"wp:attachment":[{"href":"https:\/\/msdpaisajismo.com\/de\/wp-json\/wp\/v2\/media?parent=1481"}],"curies":[{"name":"wp","href":"https:\/\/api.w.org\/{rel}","templated":true}]}}